{"id":11,"date":"2017-03-09T04:51:35","date_gmt":"2017-03-09T04:51:35","guid":{"rendered":"http:\/\/www.corihuasi.com\/wp\/?page_id=11"},"modified":"2023-06-17T22:30:42","modified_gmt":"2023-06-18T03:30:42","slug":"nosotros","status":"publish","type":"page","link":"https:\/\/www.corihuasi.com\/wp\/nosotros\/","title":{"rendered":"Nosotros"},"content":{"rendered":"<ul>\n<li><em><strong><span style=\"font-size: x-small;\">Fotograf\u00eda: Adriana Peralta, con excepci\u00f3n de la fotograf\u00eda de portada de Ricardo Bhering y la modelo en el balc\u00f3n de Mario Testino<\/span><\/strong><\/em><\/li>\n<\/ul>\n<hr \/>\n<p>El <strong>Hostal Corihuasi<\/strong>, es una hermosa casona colonial <em>(<span style=\"font-size: small;\">siglo\u00a0XVIII<\/span>)<\/em> construida sobre andenes <strong>Incas<\/strong> en diferentes niveles, que ha sido restaurada y adecuada al uso actual, ofreciendo al visitante un local confortable y c\u00e1lido.<\/p>\n<p><strong>Corihuasi<\/strong>, es una palabra Quechua que significa <strong><em>\u00abCasa de Oro\u00bb<\/em><\/strong>. El estilo de las habitaciones y los espacios exteriores originales han sido respetados durante el proceso de restauraci\u00f3n. Este complejo arquitect\u00f3nico, le permite a a usted disfrutar de un ambiente t\u00edpico, misterioso y sugestivo a la vez.<\/p>\n<p>Su excepcional localizaci\u00f3n en el coraz\u00f3n de la ciudad, le ofrece incomparables vistas. Usted podr\u00e1 contemplar el <strong>Centro Hist\u00f3rico de Cusco<\/strong> desde un lugar especial y muy cerca de los principales atractivos tur\u00edsticos, centros gastron\u00f3micos y comerciales alrededor de la <strong>Plaza de Armas<\/strong>.<\/p>\n<div id='gallery-1' class='gallery galleryid-11 gallery-columns-3 gallery-size-thumbnail'><figure class='gallery-item'>\n\t\t\t<div class='gallery-icon landscape'>\n\t\t\t\t<a href='https:\/\/www.corihuasi.com\/wp\/nosotros\/img_1867\/'><img loading=\"lazy\" decoding=\"async\" width=\"150\" height=\"150\" src=\"https:\/\/www.corihuasi.com\/wp\/wp-content\/uploads\/2023\/06\/IMG_1867-150x150.jpg\" class=\"attachment-thumbnail size-thumbnail\" alt=\"\" srcset=\"https:\/\/www.corihuasi.com\/wp\/wp-content\/uploads\/2023\/06\/IMG_1867-150x150.jpg 150w, https:\/\/www.corihuasi.com\/wp\/wp-content\/uploads\/2023\/06\/IMG_1867-100x100.jpg 100w\" sizes=\"auto, 100vw\" \/><\/a>\n\t\t\t<\/div><\/figure><figure class='gallery-item'>\n\t\t\t<div class='gallery-icon landscape'>\n\t\t\t\t<a href='https:\/\/www.corihuasi.com\/wp\/nosotros\/dscf0113-hdr\/'><img loading=\"lazy\" decoding=\"async\" width=\"150\" height=\"150\" src=\"https:\/\/www.corihuasi.com\/wp\/wp-content\/uploads\/2023\/06\/DSCF0113-HDR-150x150.jpg\" class=\"attachment-thumbnail size-thumbnail\" alt=\"\" srcset=\"https:\/\/www.corihuasi.com\/wp\/wp-content\/uploads\/2023\/06\/DSCF0113-HDR-150x150.jpg 150w, https:\/\/www.corihuasi.com\/wp\/wp-content\/uploads\/2023\/06\/DSCF0113-HDR-100x100.jpg 100w\" sizes=\"auto, 100vw\" \/><\/a>\n\t\t\t<\/div><\/figure><figure class='gallery-item'>\n\t\t\t<div class='gallery-icon landscape'>\n\t\t\t\t<a href='https:\/\/www.corihuasi.com\/wp\/nosotros\/dscf0157-mejorado-nr\/'><img loading=\"lazy\" decoding=\"async\" width=\"150\" height=\"150\" src=\"https:\/\/www.corihuasi.com\/wp\/wp-content\/uploads\/2023\/06\/DSCF0157-Mejorado-NR-150x150.jpg\" class=\"attachment-thumbnail size-thumbnail\" alt=\"\" srcset=\"https:\/\/www.corihuasi.com\/wp\/wp-content\/uploads\/2023\/06\/DSCF0157-Mejorado-NR-150x150.jpg 150w, https:\/\/www.corihuasi.com\/wp\/wp-content\/uploads\/2023\/06\/DSCF0157-Mejorado-NR-100x100.jpg 100w\" sizes=\"auto, 100vw\" \/><\/a>\n\t\t\t<\/div><\/figure><figure class='gallery-item'>\n\t\t\t<div class='gallery-icon landscape'>\n\t\t\t\t<a href='https:\/\/www.corihuasi.com\/wp\/nosotros\/dscf9988-hdr-2\/'><img loading=\"lazy\" decoding=\"async\" width=\"150\" height=\"150\" src=\"https:\/\/www.corihuasi.com\/wp\/wp-content\/uploads\/2023\/06\/DSCF9988-HDR-1-150x150.jpg\" class=\"attachment-thumbnail size-thumbnail\" alt=\"\" srcset=\"https:\/\/www.corihuasi.com\/wp\/wp-content\/uploads\/2023\/06\/DSCF9988-HDR-1-150x150.jpg 150w, https:\/\/www.corihuasi.com\/wp\/wp-content\/uploads\/2023\/06\/DSCF9988-HDR-1-100x100.jpg 100w\" sizes=\"auto, 100vw\" \/><\/a>\n\t\t\t<\/div><\/figure><figure class='gallery-item'>\n\t\t\t<div class='gallery-icon landscape'>\n\t\t\t\t<a href='https:\/\/www.corihuasi.com\/wp\/nosotros\/dscf0125-hdr\/'><img loading=\"lazy\" decoding=\"async\" width=\"150\" height=\"150\" src=\"https:\/\/www.corihuasi.com\/wp\/wp-content\/uploads\/2023\/06\/DSCF0125-HDR-150x150.jpg\" class=\"attachment-thumbnail size-thumbnail\" alt=\"\" srcset=\"https:\/\/www.corihuasi.com\/wp\/wp-content\/uploads\/2023\/06\/DSCF0125-HDR-150x150.jpg 150w, https:\/\/www.corihuasi.com\/wp\/wp-content\/uploads\/2023\/06\/DSCF0125-HDR-100x100.jpg 100w\" sizes=\"auto, 100vw\" \/><\/a>\n\t\t\t<\/div><\/figure><figure class='gallery-item'>\n\t\t\t<div class='gallery-icon landscape'>\n\t\t\t\t<a href='https:\/\/www.corihuasi.com\/wp\/nosotros\/dscf9934-hdr\/'><img loading=\"lazy\" decoding=\"async\" width=\"150\" height=\"150\" src=\"https:\/\/www.corihuasi.com\/wp\/wp-content\/uploads\/2023\/06\/DSCF9934-HDR-150x150.jpg\" class=\"attachment-thumbnail size-thumbnail\" alt=\"\" srcset=\"https:\/\/www.corihuasi.com\/wp\/wp-content\/uploads\/2023\/06\/DSCF9934-HDR-150x150.jpg 150w, https:\/\/www.corihuasi.com\/wp\/wp-content\/uploads\/2023\/06\/DSCF9934-HDR-100x100.jpg 100w\" sizes=\"auto, 100vw\" \/><\/a>\n\t\t\t<\/div><\/figure><figure class='gallery-item'>\n\t\t\t<div class='gallery-icon landscape'>\n\t\t\t\t<a href='https:\/\/www.corihuasi.com\/wp\/servicios\/dscf2063-mejorado-nr\/'><img loading=\"lazy\" decoding=\"async\" width=\"150\" height=\"150\" src=\"https:\/\/www.corihuasi.com\/wp\/wp-content\/uploads\/2023\/06\/DSCF2063-Mejorado-NR-150x150.jpg\" class=\"attachment-thumbnail size-thumbnail\" alt=\"\" srcset=\"https:\/\/www.corihuasi.com\/wp\/wp-content\/uploads\/2023\/06\/DSCF2063-Mejorado-NR-150x150.jpg 150w, https:\/\/www.corihuasi.com\/wp\/wp-content\/uploads\/2023\/06\/DSCF2063-Mejorado-NR-100x100.jpg 100w\" sizes=\"auto, 100vw\" \/><\/a>\n\t\t\t<\/div><\/figure><figure class='gallery-item'>\n\t\t\t<div class='gallery-icon landscape'>\n\t\t\t\t<a href='https:\/\/www.corihuasi.com\/wp\/nosotros\/dscf9842\/'><img loading=\"lazy\" decoding=\"async\" width=\"150\" height=\"150\" src=\"https:\/\/www.corihuasi.com\/wp\/wp-content\/uploads\/2023\/06\/DSCF9842-150x150.jpg\" class=\"attachment-thumbnail size-thumbnail\" alt=\"\" srcset=\"https:\/\/www.corihuasi.com\/wp\/wp-content\/uploads\/2023\/06\/DSCF9842-150x150.jpg 150w, https:\/\/www.corihuasi.com\/wp\/wp-content\/uploads\/2023\/06\/DSCF9842-100x100.jpg 100w\" sizes=\"auto, 100vw\" \/><\/a>\n\t\t\t<\/div><\/figure><figure class='gallery-item'>\n\t\t\t<div class='gallery-icon landscape'>\n\t\t\t\t<a href='https:\/\/www.corihuasi.com\/wp\/nosotros\/dscf9684-hdr\/'><img loading=\"lazy\" decoding=\"async\" width=\"150\" height=\"150\" src=\"https:\/\/www.corihuasi.com\/wp\/wp-content\/uploads\/2023\/06\/DSCF9684-HDR-150x150.jpg\" class=\"attachment-thumbnail size-thumbnail\" alt=\"\" srcset=\"https:\/\/www.corihuasi.com\/wp\/wp-content\/uploads\/2023\/06\/DSCF9684-HDR-150x150.jpg 150w, https:\/\/www.corihuasi.com\/wp\/wp-content\/uploads\/2023\/06\/DSCF9684-HDR-100x100.jpg 100w\" sizes=\"auto, 100vw\" \/><\/a>\n\t\t\t<\/div><\/figure><figure class='gallery-item'>\n\t\t\t<div class='gallery-icon landscape'>\n\t\t\t\t<a href='https:\/\/www.corihuasi.com\/wp\/nosotros\/dscf9919-hdr\/'><img loading=\"lazy\" decoding=\"async\" width=\"150\" height=\"150\" src=\"https:\/\/www.corihuasi.com\/wp\/wp-content\/uploads\/2023\/06\/DSCF9919-HDR-150x150.jpg\" class=\"attachment-thumbnail size-thumbnail\" alt=\"\" srcset=\"https:\/\/www.corihuasi.com\/wp\/wp-content\/uploads\/2023\/06\/DSCF9919-HDR-150x150.jpg 150w, https:\/\/www.corihuasi.com\/wp\/wp-content\/uploads\/2023\/06\/DSCF9919-HDR-100x100.jpg 100w\" sizes=\"auto, 100vw\" \/><\/a>\n\t\t\t<\/div><\/figure><figure class='gallery-item'>\n\t\t\t<div class='gallery-icon landscape'>\n\t\t\t\t<a href='https:\/\/www.corihuasi.com\/wp\/nosotros\/dscf9828\/'><img loading=\"lazy\" decoding=\"async\" width=\"150\" height=\"150\" src=\"https:\/\/www.corihuasi.com\/wp\/wp-content\/uploads\/2023\/06\/DSCF9828-150x150.jpg\" class=\"attachment-thumbnail size-thumbnail\" alt=\"\" srcset=\"https:\/\/www.corihuasi.com\/wp\/wp-content\/uploads\/2023\/06\/DSCF9828-150x150.jpg 150w, https:\/\/www.corihuasi.com\/wp\/wp-content\/uploads\/2023\/06\/DSCF9828-100x100.jpg 100w\" sizes=\"auto, 100vw\" \/><\/a>\n\t\t\t<\/div><\/figure><figure class='gallery-item'>\n\t\t\t<div class='gallery-icon portrait'>\n\t\t\t\t<a href='https:\/\/www.corihuasi.com\/wp\/modelo-testino-corihuasi-2\/'><img loading=\"lazy\" decoding=\"async\" width=\"150\" height=\"150\" src=\"https:\/\/www.corihuasi.com\/wp\/wp-content\/uploads\/2023\/06\/modelo-testino-corihuasi-150x150.jpg\" class=\"attachment-thumbnail size-thumbnail\" alt=\"\" srcset=\"https:\/\/www.corihuasi.com\/wp\/wp-content\/uploads\/2023\/06\/modelo-testino-corihuasi-150x150.jpg 150w, https:\/\/www.corihuasi.com\/wp\/wp-content\/uploads\/2023\/06\/modelo-testino-corihuasi-100x100.jpg 100w\" sizes=\"auto, 100vw\" \/><\/a>\n\t\t\t<\/div><\/figure><figure class='gallery-item'>\n\t\t\t<div class='gallery-icon landscape'>\n\t\t\t\t<a href='https:\/\/www.corihuasi.com\/wp\/nosotros\/dscf9820\/'><img loading=\"lazy\" decoding=\"async\" width=\"150\" height=\"150\" src=\"https:\/\/www.corihuasi.com\/wp\/wp-content\/uploads\/2023\/06\/DSCF9820-150x150.jpg\" class=\"attachment-thumbnail size-thumbnail\" alt=\"\" srcset=\"https:\/\/www.corihuasi.com\/wp\/wp-content\/uploads\/2023\/06\/DSCF9820-150x150.jpg 150w, https:\/\/www.corihuasi.com\/wp\/wp-content\/uploads\/2023\/06\/DSCF9820-100x100.jpg 100w\" sizes=\"auto, 100vw\" \/><\/a>\n\t\t\t<\/div><\/figure><figure class='gallery-item'>\n\t\t\t<div class='gallery-icon portrait'>\n\t\t\t\t<a href='https:\/\/www.corihuasi.com\/wp\/nosotros\/dscf9815\/'><img loading=\"lazy\" decoding=\"async\" width=\"150\" height=\"150\" src=\"https:\/\/www.corihuasi.com\/wp\/wp-content\/uploads\/2023\/06\/DSCF9815-150x150.jpg\" class=\"attachment-thumbnail size-thumbnail\" alt=\"\" srcset=\"https:\/\/www.corihuasi.com\/wp\/wp-content\/uploads\/2023\/06\/DSCF9815-150x150.jpg 150w, https:\/\/www.corihuasi.com\/wp\/wp-content\/uploads\/2023\/06\/DSCF9815-100x100.jpg 100w\" sizes=\"auto, 100vw\" \/><\/a>\n\t\t\t<\/div><\/figure><figure class='gallery-item'>\n\t\t\t<div class='gallery-icon landscape'>\n\t\t\t\t<a href='https:\/\/www.corihuasi.com\/wp\/nosotros\/dscf0101\/'><img loading=\"lazy\" decoding=\"async\" width=\"150\" height=\"150\" src=\"https:\/\/www.corihuasi.com\/wp\/wp-content\/uploads\/2023\/06\/DSCF0101-150x150.jpg\" class=\"attachment-thumbnail size-thumbnail\" alt=\"\" srcset=\"https:\/\/www.corihuasi.com\/wp\/wp-content\/uploads\/2023\/06\/DSCF0101-150x150.jpg 150w, https:\/\/www.corihuasi.com\/wp\/wp-content\/uploads\/2023\/06\/DSCF0101-100x100.jpg 100w\" sizes=\"auto, 100vw\" \/><\/a>\n\t\t\t<\/div><\/figure><figure class='gallery-item'>\n\t\t\t<div class='gallery-icon landscape'>\n\t\t\t\t<a href='https:\/\/www.corihuasi.com\/wp\/nosotros\/dscf9737\/'><img loading=\"lazy\" decoding=\"async\" width=\"150\" height=\"150\" src=\"https:\/\/www.corihuasi.com\/wp\/wp-content\/uploads\/2023\/06\/DSCF9737-150x150.jpg\" class=\"attachment-thumbnail size-thumbnail\" alt=\"\" srcset=\"https:\/\/www.corihuasi.com\/wp\/wp-content\/uploads\/2023\/06\/DSCF9737-150x150.jpg 150w, https:\/\/www.corihuasi.com\/wp\/wp-content\/uploads\/2023\/06\/DSCF9737-100x100.jpg 100w\" sizes=\"auto, 100vw\" \/><\/a>\n\t\t\t<\/div><\/figure><figure class='gallery-item'>\n\t\t\t<div class='gallery-icon landscape'>\n\t\t\t\t<a href='https:\/\/www.corihuasi.com\/wp\/nosotros\/dscf9745\/'><img loading=\"lazy\" decoding=\"async\" width=\"150\" height=\"150\" src=\"https:\/\/www.corihuasi.com\/wp\/wp-content\/uploads\/2023\/06\/DSCF9745-150x150.jpg\" class=\"attachment-thumbnail size-thumbnail\" alt=\"\" srcset=\"https:\/\/www.corihuasi.com\/wp\/wp-content\/uploads\/2023\/06\/DSCF9745-150x150.jpg 150w, https:\/\/www.corihuasi.com\/wp\/wp-content\/uploads\/2023\/06\/DSCF9745-100x100.jpg 100w\" sizes=\"auto, 100vw\" \/><\/a>\n\t\t\t<\/div><\/figure><figure class='gallery-item'>\n\t\t\t<div class='gallery-icon landscape'>\n\t\t\t\t<a href='https:\/\/www.corihuasi.com\/wp\/nosotros\/dscf9703-hdr\/'><img loading=\"lazy\" decoding=\"async\" width=\"150\" height=\"150\" src=\"https:\/\/www.corihuasi.com\/wp\/wp-content\/uploads\/2023\/06\/DSCF9703-HDR-150x150.jpg\" class=\"attachment-thumbnail size-thumbnail\" alt=\"\" srcset=\"https:\/\/www.corihuasi.com\/wp\/wp-content\/uploads\/2023\/06\/DSCF9703-HDR-150x150.jpg 150w, https:\/\/www.corihuasi.com\/wp\/wp-content\/uploads\/2023\/06\/DSCF9703-HDR-100x100.jpg 100w\" sizes=\"auto, 100vw\" \/><\/a>\n\t\t\t<\/div><\/figure><figure class='gallery-item'>\n\t\t\t<div class='gallery-icon landscape'>\n\t\t\t\t<a href='https:\/\/www.corihuasi.com\/wp\/nosotros\/img_1868\/'><img loading=\"lazy\" decoding=\"async\" width=\"150\" height=\"150\" src=\"https:\/\/www.corihuasi.com\/wp\/wp-content\/uploads\/2023\/06\/IMG_1868-150x150.jpg\" class=\"attachment-thumbnail size-thumbnail\" alt=\"\" srcset=\"https:\/\/www.corihuasi.com\/wp\/wp-content\/uploads\/2023\/06\/IMG_1868-150x150.jpg 150w, https:\/\/www.corihuasi.com\/wp\/wp-content\/uploads\/2023\/06\/IMG_1868-100x100.jpg 100w\" sizes=\"auto, 100vw\" \/><\/a>\n\t\t\t<\/div><\/figure><figure class='gallery-item'>\n\t\t\t<div class='gallery-icon landscape'>\n\t\t\t\t<a href='https:\/\/www.corihuasi.com\/wp\/nosotros\/dscf9632\/'><img loading=\"lazy\" decoding=\"async\" width=\"150\" height=\"150\" src=\"https:\/\/www.corihuasi.com\/wp\/wp-content\/uploads\/2023\/06\/DSCF9632-150x150.jpg\" class=\"attachment-thumbnail size-thumbnail\" alt=\"\" srcset=\"https:\/\/www.corihuasi.com\/wp\/wp-content\/uploads\/2023\/06\/DSCF9632-150x150.jpg 150w, https:\/\/www.corihuasi.com\/wp\/wp-content\/uploads\/2023\/06\/DSCF9632-100x100.jpg 100w\" sizes=\"auto, 100vw\" \/><\/a>\n\t\t\t<\/div><\/figure><figure class='gallery-item'>\n\t\t\t<div class='gallery-icon portrait'>\n\t\t\t\t<a href='https:\/\/www.corihuasi.com\/wp\/nosotros\/dscf9635\/'><img loading=\"lazy\" decoding=\"async\" width=\"150\" height=\"150\" src=\"https:\/\/www.corihuasi.com\/wp\/wp-content\/uploads\/2023\/06\/DSCF9635-150x150.jpg\" class=\"attachment-thumbnail size-thumbnail\" alt=\"\" srcset=\"https:\/\/www.corihuasi.com\/wp\/wp-content\/uploads\/2023\/06\/DSCF9635-150x150.jpg 150w, https:\/\/www.corihuasi.com\/wp\/wp-content\/uploads\/2023\/06\/DSCF9635-100x100.jpg 100w\" sizes=\"auto, 100vw\" \/><\/a>\n\t\t\t<\/div><\/figure><figure class='gallery-item'>\n\t\t\t<div class='gallery-icon landscape'>\n\t\t\t\t<a href='https:\/\/www.corihuasi.com\/wp\/nosotros\/dscf0091-hdr\/'><img loading=\"lazy\" decoding=\"async\" width=\"150\" height=\"150\" src=\"https:\/\/www.corihuasi.com\/wp\/wp-content\/uploads\/2023\/06\/DSCF0091-HDR-150x150.jpg\" class=\"attachment-thumbnail size-thumbnail\" alt=\"\" srcset=\"https:\/\/www.corihuasi.com\/wp\/wp-content\/uploads\/2023\/06\/DSCF0091-HDR-150x150.jpg 150w, https:\/\/www.corihuasi.com\/wp\/wp-content\/uploads\/2023\/06\/DSCF0091-HDR-100x100.jpg 100w\" sizes=\"auto, 100vw\" \/><\/a>\n\t\t\t<\/div><\/figure><figure class='gallery-item'>\n\t\t\t<div class='gallery-icon landscape'>\n\t\t\t\t<a href='https:\/\/www.corihuasi.com\/wp\/nosotros\/dscf9839\/'><img loading=\"lazy\" decoding=\"async\" width=\"150\" height=\"150\" src=\"https:\/\/www.corihuasi.com\/wp\/wp-content\/uploads\/2023\/06\/DSCF9839-150x150.jpg\" class=\"attachment-thumbnail size-thumbnail\" alt=\"\" srcset=\"https:\/\/www.corihuasi.com\/wp\/wp-content\/uploads\/2023\/06\/DSCF9839-150x150.jpg 150w, https:\/\/www.corihuasi.com\/wp\/wp-content\/uploads\/2023\/06\/DSCF9839-100x100.jpg 100w\" sizes=\"auto, 100vw\" \/><\/a>\n\t\t\t<\/div><\/figure>\n\t\t<\/div>\n\n","protected":false},"excerpt":{"rendered":"<p>Fotograf\u00eda: Adriana Peralta, con excepci\u00f3n de la fotograf\u00eda de portada de Ricardo Bhering y la modelo en el balc\u00f3n de Mario Testino El Hostal Corihuasi, es una hermosa casona colonial (siglo\u00a0XVIII) construida sobre andenes Incas en diferentes niveles, que ha sido restaurada y adecuada al uso actual, ofreciendo al visitante un local confortable y c\u00e1lido. &hellip; <\/p>\n<p class=\"link-more\"><a href=\"https:\/\/www.corihuasi.com\/wp\/nosotros\/\" class=\"more-link\">Continuar leyendo<span class=\"screen-reader-text\"> \u00abNosotros\u00bb<\/span><\/a><\/p>\n","protected":false},"author":1,"featured_media":492,"parent":0,"menu_order":0,"comment_status":"closed","ping_status":"closed","template":"","meta":{"footnotes":""},"class_list":["post-11","page","type-page","status-publish","has-post-thumbnail","hentry"],"_links":{"self":[{"href":"https:\/\/www.corihuasi.com\/wp\/wp-json\/wp\/v2\/pages\/11","targetHints":{"allow":["GET"]}}],"collection":[{"href":"https:\/\/www.corihuasi.com\/wp\/wp-json\/wp\/v2\/pages"}],"about":[{"href":"https:\/\/www.corihuasi.com\/wp\/wp-json\/wp\/v2\/types\/page"}],"author":[{"embeddable":true,"href":"https:\/\/www.corihuasi.com\/wp\/wp-json\/wp\/v2\/users\/1"}],"replies":[{"embeddable":true,"href":"https:\/\/www.corihuasi.com\/wp\/wp-json\/wp\/v2\/comments?post=11"}],"version-history":[{"count":42,"href":"https:\/\/www.corihuasi.com\/wp\/wp-json\/wp\/v2\/pages\/11\/revisions"}],"predecessor-version":[{"id":530,"href":"https:\/\/www.corihuasi.com\/wp\/wp-json\/wp\/v2\/pages\/11\/revisions\/530"}],"wp:featuredmedia":[{"embeddable":true,"href":"https:\/\/www.corihuasi.com\/wp\/wp-json\/wp\/v2\/media\/492"}],"wp:attachment":[{"href":"https:\/\/www.corihuasi.com\/wp\/wp-json\/wp\/v2\/media?parent=11"}],"curies":[{"name":"wp","href":"https:\/\/api.w.org\/{rel}","templated":true}]}}