{"id":9,"date":"2017-03-09T04:51:35","date_gmt":"2017-03-09T04:51:35","guid":{"rendered":"http:\/\/www.corihuasi.com\/wp-PR\/?page_id=9"},"modified":"2025-07-02T19:51:00","modified_gmt":"2025-07-03T00:51:00","slug":"reservacoes","status":"publish","type":"page","link":"https:\/\/www.corihuasi.com\/wp-PR\/reservacoes\/","title":{"rendered":"Reserva\u00e7\u00f5es"},"content":{"rendered":"<ul>\n<li>Para reservar rapidamente visite o nosso site de reserva\u00e7\u00f5es diretas e aplique o c\u00f3digo CORI010 para receber uma promo\u00e7\u00e3o especial:<\/li>\n<\/ul>\n<a href='https:\/\/direct-book.com\/properties\/hostalcorihuasidirect' onclick='' class='wpi_designer_button   wpi_shadow wpi_shadow_ wpi_designer_button_preset_754 wpi_icon wpi_icon_home wpi_icon_left  ' target='_blank' rel=''><i class=''><\/i><span class='wpi_text'>RESERVAR<\/span><\/a>\n<ul>\n<li>Ou escreva-nos por favor un email a:<\/li>\n<\/ul>\n<p><em><strong><a href=\"mailto:reservas@corihuasi.com\">reservas@corihuasi.com<\/a><\/strong>\u00a0 ou \u00a0<strong><a href=\"mailto:hostal@corihuasi.com\">hostal@corihuasi.com<\/a><\/strong><\/em><\/p>\n<ul>\n<li>Ou env\u00ede-nos uma\u00a0solicitude de reserva desde aqu\u00ed:<\/li>\n<\/ul>\n<div style=\"display:none\" class=\"fm-form-container fm-theme3\"><div id=\"fm-pages1\" class=\"fm-pages wdform_page_navigation \" show_title=\"false\" show_numbers=\"true\" type=\"none\"><\/div><form name=\"form1\" action=\"\/wp-PR\/wp-json\/wp\/v2\/pages\/9\" method=\"post\" id=\"form1\" class=\"fm-form form1  \" enctype=\"multipart\/form-data\"><input type=\"hidden\" id=\"counter1\" value=\"7\" name=\"counter1\" \/><input type=\"hidden\" id=\"Itemid1\" value=\"\" name=\"Itemid1\" \/><input type=\"text\" class=\"fm-hide\" id=\"fm_bot_validation1\" value=\"\" name=\"fm_bot_validation1\" \/><input type=\"text\" class=\"fm-hide\" id=\"fm_empty_field_validation1\" value=\"\" name=\"fm_empty_field_validation1\" data-value=\"fdeac5a3fb0e3ff5ac5b8b28317240b9\" \/><input type=\"hidden\" id=\"fm_form_nonce1\" name=\"fm_form_nonce1\" value=\"e0c51727f5\" \/><input type=\"hidden\" name=\"_wp_http_referer\" value=\"\/wp-PR\/wp-json\/wp\/v2\/pages\/9\" \/><div class=\"wdform-page-and-images\" style=\"display:table; border-top:0px solid black;\"><div id=\"1form_view1\" class=\"wdform_page\" page_title=\"Untitled page\" next_title=\"Next\" next_type=\"text\" next_class=\"wdform-page-button\" next_checkable=\"false\" previous_title=\"Previous\" previous_type=\"text\" previous_class=\"wdform-page-button\" previous_checkable=\"false\"><div class=\"wdform_section\"><div class=\"wdform_column \"><div wdid=\"1\" class=\"wdform_row \"> <div type=\"type_editor\" class=\"wdform-field\"><div><h2>Reserva\u00e7\u00e3o<\/h2><div><span size=\"2\" data-mce-style=\"font-size: small;\" style=\"font-size: small;\">Cont\u00e1tenos e\u00a0responderemos em breve<\/span><\/div><\/div><\/div> <\/div><div wdid=\"2\" class=\"wdform_row \"> <div type=\"type_name\" class=\"wdform-field wd-width-100 wd-flex wd-flex-row\"><div class=\"wdform-label-section wd-width-30  wd-flex-row\" style=\"max-width: 150px;\">    <label  for=\"wdform_2_element_first1\" class=\"wdform-label\">Nome:<\/label><span class=\"wdform-required\">*<\/span><\/div><div class=\"wdform-element-section wd-flex  wd-flex-row wd-width-70\" style=\"max-width: 100px;\"><div class=\"wd-flex wd-flex-column wd-width-50\"><input type=\"text\" class=\"wd-width-100\" id=\"wdform_2_element_first1\" name=\"wdform_2_element_first1\" value=\"\" title=\"\" placeholder=\"\"  \/><label class=\"mini_label\" for=\"wdform_2_element_first1\">Nome<\/label><\/div><div class=\"wd-flex wd-flex-column wd-name-separator\"><\/div><div class=\"wd-flex wd-flex-column wd-width-50\"><input type=\"text\" class=\"wd-width-100\" id=\"wdform_2_element_last1\" name=\"wdform_2_element_last1\" value=\"\" title=\"\" placeholder=\"\"  \/><label class=\"mini_label\" for=\"wdform_2_element_last1\">Sobnome<\/label><\/div><\/div><\/div> <\/div><div wdid=\"3\" class=\"wdform_row \"> <div type=\"type_submitter_mail\" class=\"wdform-field wd-width-100 wd-flex wd-flex-row\"><div class=\"wdform-label-section wd-width-30  wd-flex-row\" style=\"max-width: 150px;\">    <label  for=\"wdform_3_element1\" class=\"wdform-label\">E-mail:<\/label><span class=\"wdform-required\">*<\/span><\/div><div class=\"wdform-element-section wd-flex  wd-flex-row wd-width-70\" style=\"max-width: 200px;\"><input type=\"text\" class=\"wd-width-100\" id=\"wdform_3_element1\" name=\"wdform_3_element1\" value=\"ex: myname@example.com\" title=\"ex: myname@example.com\" placeholder=\"ex: myname@example.com\"   onchange=\"wd_check_email('3', '1', 'This is not a valid email address.')\" \/><\/div><\/div> <\/div><div wdid=\"4\" class=\"wdform_row \"> <div type=\"type_textarea\" class=\"wdform-field wd-width-100 wd-flex wd-flex-row\"><div class=\"wdform-label-section wd-width-30 \" style=\"max-width: 150px;\">    <label  for=\"wdform_4_element1\" class=\"wdform-label\">Mensagem de Reserva:<\/label><span class=\"wdform-required\">*<\/span><\/div><div class=\"wdform-element-section wd-flex  wd-width-70\" style=\"max-width: 250px;\"><textarea class=\"wd-width-100\"                      id=\"wdform_4_element1\"                      name=\"wdform_4_element1\"                      placeholder=\"\"                      style=\"height: 150px;\"                      ><\/textarea><\/div><\/div> <\/div><font size=\"2\"><div wdid=\"5\" class=\"wdform_row \"> <div type=\"type_captcha\" class=\"wdform-field wd-width-100 wd-flex wd-flex-row\"><div class=\"wdform-label-section wd-width-30  wd-flex-row wd-align-items-center\" style=\"max-width: 150px;\">    <label  for=\"wd_captcha_input1\" class=\"wdform-label\">Favor digite os carateres que visualiza:<\/label><\/div><div class=\"wdform-element-section wd-flex  wd-flex-row wd-align-items-center wd-width-70\" ><img decoding=\"async\" type=\"captcha\"                           digit=\"4\"                           src=\" https:\/\/www.corihuasi.com\/wp-PR\/wp-admin\/admin-ajax.php?action=formmakerwdcaptcha_fmc&nonce=ccd9f4bc7e&digit=4&i=1\"                           id=\"wd_captcha1\"                           class=\"captcha_img wd-hidden\"                            \/><div class=\"captcha_refresh\" id=\"_element_refresh1\" ><\/div><input type=\"text\"                              class=\"captcha_input\"                              id=\"wd_captcha_input1\"                              name=\"captcha_input\"                              style=\"width: 60px;\"                               \/><\/div><\/div> <\/div><\/font><div wdid=\"6\" class=\"wdform_row \"> <div type=\"type_submit_reset\" class=\"wdform-field wd-width-100 wd-flex wd-flex-column\"><div class=\"wdform-element-section wd-flex  wd-flex-row wd-width-100\" ><button  type=\"button\" class=\"button-submit\" onclick=\"fm_submit_form('1');\"  data-ajax=\"0\"><span class=\"fm-submit-loading spinner fm-ico-spinner\"><\/span>Enviar<\/button><button  type=\"button\" class=\"button-reset \" onclick=\"fm_reset_form(1);\" >Borrar<\/button><\/div><\/div> <\/div><\/div><\/div><div valign=\"top\" class=\"wdform_footer\" style=\"width: 100%;\"><div style=\"width: 100%;\"><div style=\"width: 100%; display: table;\"><div style=\"display: table-row-group;\"><div id=\"1page_nav1\" style=\"display: table-row;\"><\/div><\/div><\/div><\/div><\/div><\/div><\/div><div class=\"wdform_preload\"><\/div><\/form><\/div>\n<p><!--\n\n\n<ul>\n \t\n\n<li><em><strong>Pre\u00e7os en Soles (S\/.):<\/strong><\/em><\/li>\n\n\n<\/ul>\n\n\n[table id=1 \/]\n\n\n<ul>\n \t\n\n<li><em><strong>Pre\u00e7os en D\u00f3lares Americanos (US$):<\/strong><\/em><\/li>\n\n\n<\/ul>\n\n\n[table id=2 \/]\n\n\n<ul>\n--><\/p>\n<ul>\n<li><strong>Nao deixe\u00a0de perguntar pelos descontos de temporada<\/strong><\/li>\n<li>Aceitamos os principais cart\u00f5es de cr\u00e9dito:<\/li>\n<\/ul>\n<p><img loading=\"lazy\" decoding=\"async\" class=\"alignnone wp-image-370\" src=\"https:\/\/www.corihuasi.com\/wp-PR\/wp-content\/uploads\/2017\/03\/visa.png\" alt=\"\" width=\"70\" height=\"44\" \/>\u00a0<img loading=\"lazy\" decoding=\"async\" class=\"alignnone wp-image-369\" src=\"https:\/\/www.corihuasi.com\/wp-PR\/wp-content\/uploads\/2017\/03\/mastercard.png\" alt=\"\" width=\"70\" height=\"50\" \/>\u00a0<img loading=\"lazy\" decoding=\"async\" class=\"alignnone wp-image-367\" src=\"https:\/\/www.corihuasi.com\/wp-PR\/wp-content\/uploads\/2017\/03\/amex.png\" alt=\"\" width=\"70\" height=\"70\" srcset=\"https:\/\/www.corihuasi.com\/wp-PR\/wp-content\/uploads\/2017\/03\/amex.png 225w, https:\/\/www.corihuasi.com\/wp-PR\/wp-content\/uploads\/2017\/03\/amex-150x150.png 150w, https:\/\/www.corihuasi.com\/wp-PR\/wp-content\/uploads\/2017\/03\/amex-100x100.png 100w\" sizes=\"auto, (max-width: 70px) 100vw, 70px\" \/>\u00a0<img loading=\"lazy\" decoding=\"async\" class=\"alignnone wp-image-368\" src=\"https:\/\/www.corihuasi.com\/wp-PR\/wp-content\/uploads\/2017\/03\/diners.png\" alt=\"\" width=\"70\" height=\"56\" \/><\/p>\n","protected":false},"excerpt":{"rendered":"<p>Para reservar rapidamente visite o nosso site de reserva\u00e7\u00f5es diretas e aplique o c\u00f3digo CORI010 para receber uma promo\u00e7\u00e3o especial: Ou escreva-nos por favor un email a: reservas@corihuasi.com\u00a0 ou \u00a0hostal@corihuasi.com Ou env\u00ede-nos uma\u00a0solicitude de reserva desde aqu\u00ed: Nao deixe\u00a0de perguntar pelos descontos de temporada Aceitamos os principais cart\u00f5es de cr\u00e9dito: \u00a0\u00a0\u00a0<\/p>\n","protected":false},"author":1,"featured_media":494,"parent":0,"menu_order":0,"comment_status":"closed","ping_status":"closed","template":"","meta":{"footnotes":""},"class_list":["post-9","page","type-page","status-publish","has-post-thumbnail","hentry"],"_links":{"self":[{"href":"https:\/\/www.corihuasi.com\/wp-PR\/wp-json\/wp\/v2\/pages\/9","targetHints":{"allow":["GET"]}}],"collection":[{"href":"https:\/\/www.corihuasi.com\/wp-PR\/wp-json\/wp\/v2\/pages"}],"about":[{"href":"https:\/\/www.corihuasi.com\/wp-PR\/wp-json\/wp\/v2\/types\/page"}],"author":[{"embeddable":true,"href":"https:\/\/www.corihuasi.com\/wp-PR\/wp-json\/wp\/v2\/users\/1"}],"replies":[{"embeddable":true,"href":"https:\/\/www.corihuasi.com\/wp-PR\/wp-json\/wp\/v2\/comments?post=9"}],"version-history":[{"count":29,"href":"https:\/\/www.corihuasi.com\/wp-PR\/wp-json\/wp\/v2\/pages\/9\/revisions"}],"predecessor-version":[{"id":540,"href":"https:\/\/www.corihuasi.com\/wp-PR\/wp-json\/wp\/v2\/pages\/9\/revisions\/540"}],"wp:featuredmedia":[{"embeddable":true,"href":"https:\/\/www.corihuasi.com\/wp-PR\/wp-json\/wp\/v2\/media\/494"}],"wp:attachment":[{"href":"https:\/\/www.corihuasi.com\/wp-PR\/wp-json\/wp\/v2\/media?parent=9"}],"curies":[{"name":"wp","href":"https:\/\/api.w.org\/{rel}","templated":true}]}}