{"id":8,"date":"2017-03-09T04:51:35","date_gmt":"2017-03-09T04:51:35","guid":{"rendered":"http:\/\/www.corihuasi.com\/wp-PR\/?page_id=8"},"modified":"2023-06-16T23:14:06","modified_gmt":"2023-06-17T04:14:06","slug":"servicos","status":"publish","type":"page","link":"https:\/\/www.corihuasi.com\/wp-PR\/servicos\/","title":{"rendered":"Servi\u00e7os"},"content":{"rendered":"<h4><strong>Nossos&nbsp;servi\u00e7os oferecidos incluem:<\/strong><\/h4>\n<ul>\n<li>Todos os apartamentos con banheiro privado e agua quente&nbsp;24&#215;7<\/li>\n<li>Servi\u00e7o de caf\u00e9 da manha&nbsp;(incluido na&nbsp;diaria)<\/li>\n<li>Telefone e TV&nbsp;a&nbsp;cabo dentro dos apartamentos<\/li>\n<li>Calefa\u00e7\u00e3o centralizada nos&nbsp;apartamentos &lt;NOVO&gt;<\/li>\n<li>Secador de cabelo<\/li>\n<li>Caixa forte&nbsp;nos apartamentos<\/li>\n<li>Servi\u00e7o de lavander\u00eda<\/li>\n<li>Acceso Internet inal\u00e1mbrico WiFi de alta velocidade<\/li>\n<li>Dep\u00f3sito de bagagem gratuito<\/li>\n<li>Servi\u00e7o gratuito de transporte&nbsp;do&nbsp;aeroporto ou esta\u00e7\u00e3o de tr\u00ean\/bus at\u00e9&nbsp;o&nbsp;Corihuasi&nbsp;no dia&nbsp;do seu arrivo<\/li>\n<li>Recep\u00e7\u00e3o aberta as 24 horas<\/li>\n<li>Servi\u00e7o de comida delivery<\/li>\n<li>Informa\u00e7\u00e3o precisa sobre agencias de turismo<\/li>\n<li><em><strong>CHECK-IN \/ CHECK-OUT : &nbsp;10 AM<\/strong><\/em><\/li>\n<\/ul>\n","protected":false},"excerpt":{"rendered":"<p>Nossos&nbsp;servi\u00e7os oferecidos incluem: Todos os apartamentos con banheiro privado e agua quente&nbsp;24&#215;7 Servi\u00e7o de caf\u00e9 da manha&nbsp;(incluido na&nbsp;diaria) Telefone e TV&nbsp;a&nbsp;cabo dentro dos apartamentos Calefa\u00e7\u00e3o centralizada nos&nbsp;apartamentos &lt;NOVO&gt; Secador de cabelo Caixa forte&nbsp;nos apartamentos Servi\u00e7o de lavander\u00eda Acceso Internet inal\u00e1mbrico WiFi de alta velocidade Dep\u00f3sito de bagagem gratuito Servi\u00e7o gratuito de transporte&nbsp;do&nbsp;aeroporto ou esta\u00e7\u00e3o de &hellip; <\/p>\n<p class=\"link-more\"><a href=\"https:\/\/www.corihuasi.com\/wp-PR\/servicos\/\" class=\"more-link\">Continuar leyendo<span class=\"screen-reader-text\"> \u00abServi\u00e7os\u00bb<\/span><\/a><\/p>\n","protected":false},"author":1,"featured_media":486,"parent":0,"menu_order":0,"comment_status":"closed","ping_status":"closed","template":"","meta":{"footnotes":""},"class_list":["post-8","page","type-page","status-publish","has-post-thumbnail","hentry"],"_links":{"self":[{"href":"https:\/\/www.corihuasi.com\/wp-PR\/wp-json\/wp\/v2\/pages\/8","targetHints":{"allow":["GET"]}}],"collection":[{"href":"https:\/\/www.corihuasi.com\/wp-PR\/wp-json\/wp\/v2\/pages"}],"about":[{"href":"https:\/\/www.corihuasi.com\/wp-PR\/wp-json\/wp\/v2\/types\/page"}],"author":[{"embeddable":true,"href":"https:\/\/www.corihuasi.com\/wp-PR\/wp-json\/wp\/v2\/users\/1"}],"replies":[{"embeddable":true,"href":"https:\/\/www.corihuasi.com\/wp-PR\/wp-json\/wp\/v2\/comments?post=8"}],"version-history":[{"count":11,"href":"https:\/\/www.corihuasi.com\/wp-PR\/wp-json\/wp\/v2\/pages\/8\/revisions"}],"predecessor-version":[{"id":519,"href":"https:\/\/www.corihuasi.com\/wp-PR\/wp-json\/wp\/v2\/pages\/8\/revisions\/519"}],"wp:featuredmedia":[{"embeddable":true,"href":"https:\/\/www.corihuasi.com\/wp-PR\/wp-json\/wp\/v2\/media\/486"}],"wp:attachment":[{"href":"https:\/\/www.corihuasi.com\/wp-PR\/wp-json\/wp\/v2\/media?parent=8"}],"curies":[{"name":"wp","href":"https:\/\/api.w.org\/{rel}","templated":true}]}}