{"id":7,"date":"2017-03-09T04:51:35","date_gmt":"2017-03-09T04:51:35","guid":{"rendered":"http:\/\/www.corihuasi.com\/wp-PR\/?page_id=7"},"modified":"2017-03-23T17:18:02","modified_gmt":"2017-03-23T22:18:02","slug":"inicio","status":"publish","type":"page","link":"https:\/\/www.corihuasi.com\/wp-PR\/","title":{"rendered":"Bem vindo"},"content":{"rendered":"<p>Quem escolhe <strong>Cusco<\/strong> vem pela sua hist\u00f3ria e pelo magnetismo do seu escenario.<\/p>\n<p>A beleza desta antiga cidade <strong>Inca<\/strong> tem no seu encanto o estilo das ruas, assim como o acolhimento da sua gente, que far\u00e1 da sua estadia uma experiencia inesquecivel e \u00fanica.<\/p>\n<p>Bem vindo \u00e1 cidade que reflete con toda for\u00e7a a historia da <strong>Am\u00e9rica Latina!<\/strong><\/p>\n<ul>\n<li><em><strong><span style=\"font-size: x-small;\">Fotograf\u00eda de capa: Ricardo Bhering<\/span><\/strong><\/em><\/li>\n<\/ul>\n","protected":false},"excerpt":{"rendered":"<p>Quem escolhe Cusco vem pela sua hist\u00f3ria e pelo magnetismo do seu escenario. A beleza desta antiga cidade Inca tem no seu encanto o estilo das ruas, assim como o acolhimento da sua gente, que far\u00e1 da sua estadia uma experiencia inesquecivel e \u00fanica. Bem vindo \u00e1 cidade que reflete con toda for\u00e7a a historia &hellip; <\/p>\n<p class=\"link-more\"><a href=\"https:\/\/www.corihuasi.com\/wp-PR\/\" class=\"more-link\">Continuar leyendo<span class=\"screen-reader-text\"> \u00abBem vindo\u00bb<\/span><\/a><\/p>\n","protected":false},"author":1,"featured_media":0,"parent":0,"menu_order":0,"comment_status":"closed","ping_status":"closed","template":"","meta":{"footnotes":""},"class_list":["post-7","page","type-page","status-publish","hentry"],"_links":{"self":[{"href":"https:\/\/www.corihuasi.com\/wp-PR\/wp-json\/wp\/v2\/pages\/7","targetHints":{"allow":["GET"]}}],"collection":[{"href":"https:\/\/www.corihuasi.com\/wp-PR\/wp-json\/wp\/v2\/pages"}],"about":[{"href":"https:\/\/www.corihuasi.com\/wp-PR\/wp-json\/wp\/v2\/types\/page"}],"author":[{"embeddable":true,"href":"https:\/\/www.corihuasi.com\/wp-PR\/wp-json\/wp\/v2\/users\/1"}],"replies":[{"embeddable":true,"href":"https:\/\/www.corihuasi.com\/wp-PR\/wp-json\/wp\/v2\/comments?post=7"}],"version-history":[{"count":8,"href":"https:\/\/www.corihuasi.com\/wp-PR\/wp-json\/wp\/v2\/pages\/7\/revisions"}],"predecessor-version":[{"id":372,"href":"https:\/\/www.corihuasi.com\/wp-PR\/wp-json\/wp\/v2\/pages\/7\/revisions\/372"}],"wp:attachment":[{"href":"https:\/\/www.corihuasi.com\/wp-PR\/wp-json\/wp\/v2\/media?parent=7"}],"curies":[{"name":"wp","href":"https:\/\/api.w.org\/{rel}","templated":true}]}}