{"id":2,"date":"2017-03-08T15:58:21","date_gmt":"2017-03-08T15:58:21","guid":{"rendered":"http:\/\/www.corihuasi.com\/wp-PR\/?page_id=2"},"modified":"2024-11-04T17:07:07","modified_gmt":"2024-11-04T22:07:07","slug":"testemunho","status":"publish","type":"page","link":"https:\/\/www.corihuasi.com\/wp-PR\/testemunho\/","title":{"rendered":"Testemunho"},"content":{"rendered":"<ul>\n<li><em>Fotograf\u00eda tirada por&nbsp;<strong>Mario Testino<\/strong> para \u00e1&nbsp;revista&nbsp;<strong>Vogue<\/strong> (Reino Unido), desde o&nbsp;<strong>Hostal Corihuasi<\/strong>.<\/em><\/li>\n<li>\n<hr>\n<p>Somos&nbsp;recomendados pelas principais gu\u00edas de turismo e servi\u00e7os de informa\u00e7\u00e3o para viajantes e reserva\u00e7\u00f5es on-line na&nbsp;Internet:<\/li>\n<\/ul>\n<ul>\n<li><em><strong>Booking.com<\/strong><\/em>&nbsp; (<a href=\"http:\/\/www.booking.com\">http:\/\/www.booking.com<\/a>)<\/li>\n<li><em><strong>TripAdvisor<\/strong><\/em>&nbsp; (<a href=\"http:\/\/www.tripadvisor.com\">http:\/\/www.tripadvisor.com<\/a>)<\/li>\n<li><em><strong>Expedia&nbsp;<\/strong><\/em> (<a href=\"https:\/\/www.expedia.com\">https:\/\/www.expedia.com<\/a>)<\/li>\n<\/ul>\n<p>&nbsp;<\/p>\n<div style=\"text-align: center\" itemscope=\"\" itemtype=\"http:\/\/schema.org\/Organization\">\n<div itemprop=\"aggregateRating\" itemscope=\"\" itemtype=\"http:\/\/schema.org\/AggregateRating\"><a href=\"https:\/\/www.kayak.com.pe\/Cuzco-Hoteles-Hostal-Corihuasi.639716.ksp\" target=\"_blank\" rel=\"noopener\"><img decoding=\"async\" width=\"150\" src=\"https:\/\/content.r9cdn.net\/seo-res\/badges\/v1\/ORANGE_LARGE_BEST_HOTEL_PE_es.png\"><\/a><\/p>\n<p style=\"color: #FF690F; font-size: 14px; font-family:Arial, Helvetica, sans-serif; margin: 4px 0;\">Calificaci\u00f3n de los viajeros: <span itemprop=\"ratingvalue\">8.1<\/span><meta itemprop=\"bestRating\" content=\"10\"><meta itemprop=\"ratingCount\" content=\"74\"> Excelente<\/p>\n<\/div>\n<\/div>\n","protected":false},"excerpt":{"rendered":"<p>Fotograf\u00eda tirada por&nbsp;Mario Testino para \u00e1&nbsp;revista&nbsp;Vogue (Reino Unido), desde o&nbsp;Hostal Corihuasi. Somos&nbsp;recomendados pelas principais gu\u00edas de turismo e servi\u00e7os de informa\u00e7\u00e3o para viajantes e reserva\u00e7\u00f5es on-line na&nbsp;Internet: Booking.com&nbsp; (http:\/\/www.booking.com) TripAdvisor&nbsp; (http:\/\/www.tripadvisor.com) Expedia&nbsp; (https:\/\/www.expedia.com) &nbsp; Calificaci\u00f3n de los viajeros: 8.1 Excelente<\/p>\n","protected":false},"author":1,"featured_media":537,"parent":0,"menu_order":0,"comment_status":"closed","ping_status":"closed","template":"","meta":{"footnotes":""},"class_list":["post-2","page","type-page","status-publish","has-post-thumbnail","hentry"],"_links":{"self":[{"href":"https:\/\/www.corihuasi.com\/wp-PR\/wp-json\/wp\/v2\/pages\/2","targetHints":{"allow":["GET"]}}],"collection":[{"href":"https:\/\/www.corihuasi.com\/wp-PR\/wp-json\/wp\/v2\/pages"}],"about":[{"href":"https:\/\/www.corihuasi.com\/wp-PR\/wp-json\/wp\/v2\/types\/page"}],"author":[{"embeddable":true,"href":"https:\/\/www.corihuasi.com\/wp-PR\/wp-json\/wp\/v2\/users\/1"}],"replies":[{"embeddable":true,"href":"https:\/\/www.corihuasi.com\/wp-PR\/wp-json\/wp\/v2\/comments?post=2"}],"version-history":[{"count":17,"href":"https:\/\/www.corihuasi.com\/wp-PR\/wp-json\/wp\/v2\/pages\/2\/revisions"}],"predecessor-version":[{"id":520,"href":"https:\/\/www.corihuasi.com\/wp-PR\/wp-json\/wp\/v2\/pages\/2\/revisions\/520"}],"wp:featuredmedia":[{"embeddable":true,"href":"https:\/\/www.corihuasi.com\/wp-PR\/wp-json\/wp\/v2\/media\/537"}],"wp:attachment":[{"href":"https:\/\/www.corihuasi.com\/wp-PR\/wp-json\/wp\/v2\/media?parent=2"}],"curies":[{"name":"wp","href":"https:\/\/api.w.org\/{rel}","templated":true}]}}