{"id":11,"date":"2017-03-09T04:51:35","date_gmt":"2017-03-09T04:51:35","guid":{"rendered":"http:\/\/www.corihuasi.com\/wp-PR\/?page_id=11"},"modified":"2023-06-17T17:33:40","modified_gmt":"2023-06-17T22:33:40","slug":"nos","status":"publish","type":"page","link":"https:\/\/www.corihuasi.com\/wp-PR\/nos\/","title":{"rendered":"Sobre N\u00f3s"},"content":{"rendered":"<ul>\n<li><em><strong><span style=\"font-size: x-small;\">Fotograf\u00eda: Adriana Peralta, exceptuando a fotograf\u00eda de capa de Ricardo Bhering e da modelo na\u00a0varanda de Mario Testino<\/span><\/strong><\/em><\/li>\n<\/ul>\n<hr \/>\n<p>O<strong> Hostal Corihuasi<\/strong>, \u00e9 una hermosa pousada\u00a0colonial (<em><span style=\"font-size: small;\">s\u00e9culo XVIII<\/span><\/em>) originalmente construida sobre andenes <strong>Incas<\/strong> e paredes de pedra.<\/p>\n<p>A palavra<strong> Corihuasi <\/strong>de origem Quechua, significa <strong><em>\u00abCasa de Ouro\u00bb<\/em><\/strong>. A casa foi completamente restaurada respeitando e preservando o estilo original en todos os apartamentos e ambientes. Isto nos permete ofrece-lhe\u00a0um ambiente tipicamente <em>\u00abcusque\u00f1o\u00bb<\/em>, con uma atm\u00f3sfera misteriosa e sugestiva.<\/p>\n<p>Al\u00e9m da arquitetura de estilo \u00fanico, o <strong>Corihuasi<\/strong> est\u00e1 localizado numa posi\u00e7\u00e3o privilegiada dentro do <strong>Centro Hist\u00f3rico de Cusco<\/strong>, muito pr\u00f3ximo da <strong>Plaza de Armas<\/strong> e dos principais pontos tur\u00edsticos da cidade e dos centros gastron\u00f3micos e comerciais ao redor da <strong>Plaza<\/strong>. Portanto, garantimos\u00a0a voc\u00e9 uma estad\u00eda calorosa e muito agrad\u00e1vel na antiga cidade dos <strong>Incas<\/strong>.<\/p>\n<div id='gallery-1' class='gallery galleryid-11 gallery-columns-3 gallery-size-thumbnail'><figure class='gallery-item'>\n\t\t\t<div class='gallery-icon landscape'>\n\t\t\t\t<a href='https:\/\/www.corihuasi.com\/wp-PR\/nos\/img_1867\/'><img loading=\"lazy\" decoding=\"async\" width=\"150\" height=\"150\" src=\"https:\/\/www.corihuasi.com\/wp-PR\/wp-content\/uploads\/2023\/06\/IMG_1867-150x150.jpg\" class=\"attachment-thumbnail size-thumbnail\" alt=\"\" srcset=\"https:\/\/www.corihuasi.com\/wp-PR\/wp-content\/uploads\/2023\/06\/IMG_1867-150x150.jpg 150w, https:\/\/www.corihuasi.com\/wp-PR\/wp-content\/uploads\/2023\/06\/IMG_1867-100x100.jpg 100w\" sizes=\"auto, 100vw\" \/><\/a>\n\t\t\t<\/div><\/figure><figure class='gallery-item'>\n\t\t\t<div class='gallery-icon landscape'>\n\t\t\t\t<a href='https:\/\/www.corihuasi.com\/wp-PR\/nos\/img_1868\/'><img loading=\"lazy\" decoding=\"async\" width=\"150\" height=\"150\" src=\"https:\/\/www.corihuasi.com\/wp-PR\/wp-content\/uploads\/2023\/06\/IMG_1868-150x150.jpg\" class=\"attachment-thumbnail size-thumbnail\" alt=\"\" srcset=\"https:\/\/www.corihuasi.com\/wp-PR\/wp-content\/uploads\/2023\/06\/IMG_1868-150x150.jpg 150w, https:\/\/www.corihuasi.com\/wp-PR\/wp-content\/uploads\/2023\/06\/IMG_1868-100x100.jpg 100w\" sizes=\"auto, 100vw\" \/><\/a>\n\t\t\t<\/div><\/figure><figure class='gallery-item'>\n\t\t\t<div class='gallery-icon landscape'>\n\t\t\t\t<a href='https:\/\/www.corihuasi.com\/wp-PR\/nos\/dscf0157-mejorado-nr\/'><img loading=\"lazy\" decoding=\"async\" width=\"150\" height=\"150\" src=\"https:\/\/www.corihuasi.com\/wp-PR\/wp-content\/uploads\/2023\/06\/DSCF0157-Mejorado-NR-150x150.jpg\" class=\"attachment-thumbnail size-thumbnail\" alt=\"\" srcset=\"https:\/\/www.corihuasi.com\/wp-PR\/wp-content\/uploads\/2023\/06\/DSCF0157-Mejorado-NR-150x150.jpg 150w, https:\/\/www.corihuasi.com\/wp-PR\/wp-content\/uploads\/2023\/06\/DSCF0157-Mejorado-NR-100x100.jpg 100w\" sizes=\"auto, 100vw\" \/><\/a>\n\t\t\t<\/div><\/figure><figure class='gallery-item'>\n\t\t\t<div class='gallery-icon landscape'>\n\t\t\t\t<a href='https:\/\/www.corihuasi.com\/wp-PR\/nos\/dscf0125-hdr\/'><img loading=\"lazy\" decoding=\"async\" width=\"150\" height=\"150\" src=\"https:\/\/www.corihuasi.com\/wp-PR\/wp-content\/uploads\/2023\/06\/DSCF0125-HDR-150x150.jpg\" class=\"attachment-thumbnail size-thumbnail\" alt=\"\" srcset=\"https:\/\/www.corihuasi.com\/wp-PR\/wp-content\/uploads\/2023\/06\/DSCF0125-HDR-150x150.jpg 150w, https:\/\/www.corihuasi.com\/wp-PR\/wp-content\/uploads\/2023\/06\/DSCF0125-HDR-100x100.jpg 100w\" sizes=\"auto, 100vw\" \/><\/a>\n\t\t\t<\/div><\/figure><figure class='gallery-item'>\n\t\t\t<div class='gallery-icon landscape'>\n\t\t\t\t<a href='https:\/\/www.corihuasi.com\/wp-PR\/nos\/dscf0113-hdr\/'><img loading=\"lazy\" decoding=\"async\" width=\"150\" height=\"150\" src=\"https:\/\/www.corihuasi.com\/wp-PR\/wp-content\/uploads\/2023\/06\/DSCF0113-HDR-150x150.jpg\" class=\"attachment-thumbnail size-thumbnail\" alt=\"\" srcset=\"https:\/\/www.corihuasi.com\/wp-PR\/wp-content\/uploads\/2023\/06\/DSCF0113-HDR-150x150.jpg 150w, https:\/\/www.corihuasi.com\/wp-PR\/wp-content\/uploads\/2023\/06\/DSCF0113-HDR-100x100.jpg 100w\" sizes=\"auto, 100vw\" \/><\/a>\n\t\t\t<\/div><\/figure><figure class='gallery-item'>\n\t\t\t<div class='gallery-icon landscape'>\n\t\t\t\t<a href='https:\/\/www.corihuasi.com\/wp-PR\/nos\/dscf9976\/'><img loading=\"lazy\" decoding=\"async\" width=\"150\" height=\"150\" src=\"https:\/\/www.corihuasi.com\/wp-PR\/wp-content\/uploads\/2023\/06\/DSCF9976-1-150x150.jpg\" class=\"attachment-thumbnail size-thumbnail\" alt=\"\" srcset=\"https:\/\/www.corihuasi.com\/wp-PR\/wp-content\/uploads\/2023\/06\/DSCF9976-1-150x150.jpg 150w, https:\/\/www.corihuasi.com\/wp-PR\/wp-content\/uploads\/2023\/06\/DSCF9976-1-100x100.jpg 100w\" sizes=\"auto, 100vw\" \/><\/a>\n\t\t\t<\/div><\/figure><figure class='gallery-item'>\n\t\t\t<div class='gallery-icon landscape'>\n\t\t\t\t<a href='https:\/\/www.corihuasi.com\/wp-PR\/nos\/dscf9934-hdr\/'><img loading=\"lazy\" decoding=\"async\" width=\"150\" height=\"150\" src=\"https:\/\/www.corihuasi.com\/wp-PR\/wp-content\/uploads\/2023\/06\/DSCF9934-HDR-1-150x150.jpg\" class=\"attachment-thumbnail size-thumbnail\" alt=\"\" srcset=\"https:\/\/www.corihuasi.com\/wp-PR\/wp-content\/uploads\/2023\/06\/DSCF9934-HDR-1-150x150.jpg 150w, https:\/\/www.corihuasi.com\/wp-PR\/wp-content\/uploads\/2023\/06\/DSCF9934-HDR-1-100x100.jpg 100w\" sizes=\"auto, 100vw\" \/><\/a>\n\t\t\t<\/div><\/figure><figure class='gallery-item'>\n\t\t\t<div class='gallery-icon landscape'>\n\t\t\t\t<a href='https:\/\/www.corihuasi.com\/wp-PR\/nos\/dscf9926-hdr\/'><img loading=\"lazy\" decoding=\"async\" width=\"150\" height=\"150\" src=\"https:\/\/www.corihuasi.com\/wp-PR\/wp-content\/uploads\/2023\/06\/DSCF9926-HDR-150x150.jpg\" class=\"attachment-thumbnail size-thumbnail\" alt=\"\" srcset=\"https:\/\/www.corihuasi.com\/wp-PR\/wp-content\/uploads\/2023\/06\/DSCF9926-HDR-150x150.jpg 150w, https:\/\/www.corihuasi.com\/wp-PR\/wp-content\/uploads\/2023\/06\/DSCF9926-HDR-100x100.jpg 100w\" sizes=\"auto, 100vw\" \/><\/a>\n\t\t\t<\/div><\/figure><figure class='gallery-item'>\n\t\t\t<div class='gallery-icon landscape'>\n\t\t\t\t<a href='https:\/\/www.corihuasi.com\/wp-PR\/nos\/dscf9842\/'><img loading=\"lazy\" decoding=\"async\" width=\"150\" height=\"150\" src=\"https:\/\/www.corihuasi.com\/wp-PR\/wp-content\/uploads\/2023\/06\/DSCF9842-150x150.jpg\" class=\"attachment-thumbnail size-thumbnail\" alt=\"\" srcset=\"https:\/\/www.corihuasi.com\/wp-PR\/wp-content\/uploads\/2023\/06\/DSCF9842-150x150.jpg 150w, https:\/\/www.corihuasi.com\/wp-PR\/wp-content\/uploads\/2023\/06\/DSCF9842-100x100.jpg 100w\" sizes=\"auto, 100vw\" \/><\/a>\n\t\t\t<\/div><\/figure><figure class='gallery-item'>\n\t\t\t<div class='gallery-icon landscape'>\n\t\t\t\t<a href='https:\/\/www.corihuasi.com\/wp-PR\/nos\/dscf9919-hdr\/'><img loading=\"lazy\" decoding=\"async\" width=\"150\" height=\"150\" src=\"https:\/\/www.corihuasi.com\/wp-PR\/wp-content\/uploads\/2023\/06\/DSCF9919-HDR-150x150.jpg\" class=\"attachment-thumbnail size-thumbnail\" alt=\"\" srcset=\"https:\/\/www.corihuasi.com\/wp-PR\/wp-content\/uploads\/2023\/06\/DSCF9919-HDR-150x150.jpg 150w, https:\/\/www.corihuasi.com\/wp-PR\/wp-content\/uploads\/2023\/06\/DSCF9919-HDR-100x100.jpg 100w\" sizes=\"auto, 100vw\" \/><\/a>\n\t\t\t<\/div><\/figure><figure class='gallery-item'>\n\t\t\t<div class='gallery-icon landscape'>\n\t\t\t\t<a href='https:\/\/www.corihuasi.com\/wp-PR\/nos\/dscf9828\/'><img loading=\"lazy\" decoding=\"async\" width=\"150\" height=\"150\" src=\"https:\/\/www.corihuasi.com\/wp-PR\/wp-content\/uploads\/2023\/06\/DSCF9828-1-150x150.jpg\" class=\"attachment-thumbnail size-thumbnail\" alt=\"\" srcset=\"https:\/\/www.corihuasi.com\/wp-PR\/wp-content\/uploads\/2023\/06\/DSCF9828-1-150x150.jpg 150w, https:\/\/www.corihuasi.com\/wp-PR\/wp-content\/uploads\/2023\/06\/DSCF9828-1-100x100.jpg 100w\" sizes=\"auto, 100vw\" \/><\/a>\n\t\t\t<\/div><\/figure><figure class='gallery-item'>\n\t\t\t<div class='gallery-icon landscape'>\n\t\t\t\t<a href='https:\/\/www.corihuasi.com\/wp-PR\/nos\/dscf9820\/'><img loading=\"lazy\" decoding=\"async\" width=\"150\" height=\"150\" src=\"https:\/\/www.corihuasi.com\/wp-PR\/wp-content\/uploads\/2023\/06\/DSCF9820-150x150.jpg\" class=\"attachment-thumbnail size-thumbnail\" alt=\"\" srcset=\"https:\/\/www.corihuasi.com\/wp-PR\/wp-content\/uploads\/2023\/06\/DSCF9820-150x150.jpg 150w, https:\/\/www.corihuasi.com\/wp-PR\/wp-content\/uploads\/2023\/06\/DSCF9820-100x100.jpg 100w\" sizes=\"auto, 100vw\" \/><\/a>\n\t\t\t<\/div><\/figure><figure class='gallery-item'>\n\t\t\t<div class='gallery-icon portrait'>\n\t\t\t\t<a href='https:\/\/www.corihuasi.com\/wp-PR\/nos\/dscf9815\/'><img loading=\"lazy\" decoding=\"async\" width=\"150\" height=\"150\" src=\"https:\/\/www.corihuasi.com\/wp-PR\/wp-content\/uploads\/2023\/06\/DSCF9815-150x150.jpg\" class=\"attachment-thumbnail size-thumbnail\" alt=\"\" srcset=\"https:\/\/www.corihuasi.com\/wp-PR\/wp-content\/uploads\/2023\/06\/DSCF9815-150x150.jpg 150w, https:\/\/www.corihuasi.com\/wp-PR\/wp-content\/uploads\/2023\/06\/DSCF9815-100x100.jpg 100w\" sizes=\"auto, 100vw\" \/><\/a>\n\t\t\t<\/div><\/figure><figure class='gallery-item'>\n\t\t\t<div class='gallery-icon landscape'>\n\t\t\t\t<a href='https:\/\/www.corihuasi.com\/wp-PR\/nos\/dscf9745\/'><img loading=\"lazy\" decoding=\"async\" width=\"150\" height=\"150\" src=\"https:\/\/www.corihuasi.com\/wp-PR\/wp-content\/uploads\/2023\/06\/DSCF9745-150x150.jpg\" class=\"attachment-thumbnail size-thumbnail\" alt=\"\" srcset=\"https:\/\/www.corihuasi.com\/wp-PR\/wp-content\/uploads\/2023\/06\/DSCF9745-150x150.jpg 150w, https:\/\/www.corihuasi.com\/wp-PR\/wp-content\/uploads\/2023\/06\/DSCF9745-100x100.jpg 100w\" sizes=\"auto, 100vw\" \/><\/a>\n\t\t\t<\/div><\/figure><figure class='gallery-item'>\n\t\t\t<div class='gallery-icon landscape'>\n\t\t\t\t<a href='https:\/\/www.corihuasi.com\/wp-PR\/nos\/dscf9737\/'><img loading=\"lazy\" decoding=\"async\" width=\"150\" height=\"150\" src=\"https:\/\/www.corihuasi.com\/wp-PR\/wp-content\/uploads\/2023\/06\/DSCF9737-1-150x150.jpg\" class=\"attachment-thumbnail size-thumbnail\" alt=\"\" srcset=\"https:\/\/www.corihuasi.com\/wp-PR\/wp-content\/uploads\/2023\/06\/DSCF9737-1-150x150.jpg 150w, https:\/\/www.corihuasi.com\/wp-PR\/wp-content\/uploads\/2023\/06\/DSCF9737-1-100x100.jpg 100w\" sizes=\"auto, 100vw\" \/><\/a>\n\t\t\t<\/div><\/figure><figure class='gallery-item'>\n\t\t\t<div class='gallery-icon landscape'>\n\t\t\t\t<a href='https:\/\/www.corihuasi.com\/wp-PR\/nos\/dscf9703-hdr\/'><img loading=\"lazy\" decoding=\"async\" width=\"150\" height=\"150\" src=\"https:\/\/www.corihuasi.com\/wp-PR\/wp-content\/uploads\/2023\/06\/DSCF9703-HDR-150x150.jpg\" class=\"attachment-thumbnail size-thumbnail\" alt=\"\" srcset=\"https:\/\/www.corihuasi.com\/wp-PR\/wp-content\/uploads\/2023\/06\/DSCF9703-HDR-150x150.jpg 150w, https:\/\/www.corihuasi.com\/wp-PR\/wp-content\/uploads\/2023\/06\/DSCF9703-HDR-100x100.jpg 100w\" sizes=\"auto, 100vw\" \/><\/a>\n\t\t\t<\/div><\/figure><figure class='gallery-item'>\n\t\t\t<div class='gallery-icon landscape'>\n\t\t\t\t<a href='https:\/\/www.corihuasi.com\/wp-PR\/nos\/dscf9684-hdr\/'><img loading=\"lazy\" decoding=\"async\" width=\"150\" height=\"150\" src=\"https:\/\/www.corihuasi.com\/wp-PR\/wp-content\/uploads\/2023\/06\/DSCF9684-HDR-150x150.jpg\" class=\"attachment-thumbnail size-thumbnail\" alt=\"\" srcset=\"https:\/\/www.corihuasi.com\/wp-PR\/wp-content\/uploads\/2023\/06\/DSCF9684-HDR-150x150.jpg 150w, https:\/\/www.corihuasi.com\/wp-PR\/wp-content\/uploads\/2023\/06\/DSCF9684-HDR-100x100.jpg 100w\" sizes=\"auto, 100vw\" \/><\/a>\n\t\t\t<\/div><\/figure><figure class='gallery-item'>\n\t\t\t<div class='gallery-icon landscape'>\n\t\t\t\t<a href='https:\/\/www.corihuasi.com\/wp-PR\/nos\/dscf9637\/'><img loading=\"lazy\" decoding=\"async\" width=\"150\" height=\"150\" src=\"https:\/\/www.corihuasi.com\/wp-PR\/wp-content\/uploads\/2023\/06\/DSCF9637-150x150.jpg\" class=\"attachment-thumbnail size-thumbnail\" alt=\"\" srcset=\"https:\/\/www.corihuasi.com\/wp-PR\/wp-content\/uploads\/2023\/06\/DSCF9637-150x150.jpg 150w, https:\/\/www.corihuasi.com\/wp-PR\/wp-content\/uploads\/2023\/06\/DSCF9637-100x100.jpg 100w\" sizes=\"auto, 100vw\" \/><\/a>\n\t\t\t<\/div><\/figure><figure class='gallery-item'>\n\t\t\t<div class='gallery-icon portrait'>\n\t\t\t\t<a href='https:\/\/www.corihuasi.com\/wp-PR\/nos\/dscf9635\/'><img loading=\"lazy\" decoding=\"async\" width=\"150\" height=\"150\" src=\"https:\/\/www.corihuasi.com\/wp-PR\/wp-content\/uploads\/2023\/06\/DSCF9635-1-150x150.jpg\" class=\"attachment-thumbnail size-thumbnail\" alt=\"\" srcset=\"https:\/\/www.corihuasi.com\/wp-PR\/wp-content\/uploads\/2023\/06\/DSCF9635-1-150x150.jpg 150w, https:\/\/www.corihuasi.com\/wp-PR\/wp-content\/uploads\/2023\/06\/DSCF9635-1-100x100.jpg 100w\" sizes=\"auto, 100vw\" \/><\/a>\n\t\t\t<\/div><\/figure><figure class='gallery-item'>\n\t\t\t<div class='gallery-icon landscape'>\n\t\t\t\t<a href='https:\/\/www.corihuasi.com\/wp-PR\/nos\/dscf9632\/'><img loading=\"lazy\" decoding=\"async\" width=\"150\" height=\"150\" src=\"https:\/\/www.corihuasi.com\/wp-PR\/wp-content\/uploads\/2023\/06\/DSCF9632-150x150.jpg\" class=\"attachment-thumbnail size-thumbnail\" alt=\"\" srcset=\"https:\/\/www.corihuasi.com\/wp-PR\/wp-content\/uploads\/2023\/06\/DSCF9632-150x150.jpg 150w, https:\/\/www.corihuasi.com\/wp-PR\/wp-content\/uploads\/2023\/06\/DSCF9632-100x100.jpg 100w\" sizes=\"auto, 100vw\" \/><\/a>\n\t\t\t<\/div><\/figure><figure class='gallery-item'>\n\t\t\t<div class='gallery-icon landscape'>\n\t\t\t\t<a href='https:\/\/www.corihuasi.com\/wp-PR\/nos\/dscf9621-hdr\/'><img loading=\"lazy\" decoding=\"async\" width=\"150\" height=\"150\" src=\"https:\/\/www.corihuasi.com\/wp-PR\/wp-content\/uploads\/2023\/06\/DSCF9621-HDR-150x150.jpg\" class=\"attachment-thumbnail size-thumbnail\" alt=\"\" srcset=\"https:\/\/www.corihuasi.com\/wp-PR\/wp-content\/uploads\/2023\/06\/DSCF9621-HDR-150x150.jpg 150w, https:\/\/www.corihuasi.com\/wp-PR\/wp-content\/uploads\/2023\/06\/DSCF9621-HDR-100x100.jpg 100w\" sizes=\"auto, 100vw\" \/><\/a>\n\t\t\t<\/div><\/figure><figure class='gallery-item'>\n\t\t\t<div class='gallery-icon landscape'>\n\t\t\t\t<a href='https:\/\/www.corihuasi.com\/wp-PR\/nos\/dscf0101\/'><img loading=\"lazy\" decoding=\"async\" width=\"150\" height=\"150\" src=\"https:\/\/www.corihuasi.com\/wp-PR\/wp-content\/uploads\/2023\/06\/DSCF0101-150x150.jpg\" class=\"attachment-thumbnail size-thumbnail\" alt=\"\" srcset=\"https:\/\/www.corihuasi.com\/wp-PR\/wp-content\/uploads\/2023\/06\/DSCF0101-150x150.jpg 150w, https:\/\/www.corihuasi.com\/wp-PR\/wp-content\/uploads\/2023\/06\/DSCF0101-100x100.jpg 100w\" sizes=\"auto, 100vw\" \/><\/a>\n\t\t\t<\/div><\/figure><figure class='gallery-item'>\n\t\t\t<div class='gallery-icon portrait'>\n\t\t\t\t<a href='https:\/\/www.corihuasi.com\/wp-PR\/modelo-testino-corihuasi-2\/'><img loading=\"lazy\" decoding=\"async\" width=\"150\" height=\"150\" src=\"https:\/\/www.corihuasi.com\/wp-PR\/wp-content\/uploads\/2023\/06\/modelo-testino-corihuasi-150x150.jpg\" class=\"attachment-thumbnail size-thumbnail\" alt=\"\" srcset=\"https:\/\/www.corihuasi.com\/wp-PR\/wp-content\/uploads\/2023\/06\/modelo-testino-corihuasi-150x150.jpg 150w, https:\/\/www.corihuasi.com\/wp-PR\/wp-content\/uploads\/2023\/06\/modelo-testino-corihuasi-100x100.jpg 100w\" sizes=\"auto, 100vw\" \/><\/a>\n\t\t\t<\/div><\/figure><figure class='gallery-item'>\n\t\t\t<div class='gallery-icon landscape'>\n\t\t\t\t<a href='https:\/\/www.corihuasi.com\/wp-PR\/nos\/dscf0091-hdr\/'><img loading=\"lazy\" decoding=\"async\" width=\"150\" height=\"150\" src=\"https:\/\/www.corihuasi.com\/wp-PR\/wp-content\/uploads\/2023\/06\/DSCF0091-HDR-150x150.jpg\" class=\"attachment-thumbnail size-thumbnail\" alt=\"\" srcset=\"https:\/\/www.corihuasi.com\/wp-PR\/wp-content\/uploads\/2023\/06\/DSCF0091-HDR-150x150.jpg 150w, https:\/\/www.corihuasi.com\/wp-PR\/wp-content\/uploads\/2023\/06\/DSCF0091-HDR-100x100.jpg 100w\" sizes=\"auto, 100vw\" \/><\/a>\n\t\t\t<\/div><\/figure><figure class='gallery-item'>\n\t\t\t<div class='gallery-icon landscape'>\n\t\t\t\t<a href='https:\/\/www.corihuasi.com\/wp-PR\/nos\/dscf0027\/'><img loading=\"lazy\" decoding=\"async\" width=\"150\" height=\"150\" src=\"https:\/\/www.corihuasi.com\/wp-PR\/wp-content\/uploads\/2023\/06\/DSCF0027-150x150.jpg\" class=\"attachment-thumbnail size-thumbnail\" alt=\"\" srcset=\"https:\/\/www.corihuasi.com\/wp-PR\/wp-content\/uploads\/2023\/06\/DSCF0027-150x150.jpg 150w, https:\/\/www.corihuasi.com\/wp-PR\/wp-content\/uploads\/2023\/06\/DSCF0027-100x100.jpg 100w\" sizes=\"auto, 100vw\" \/><\/a>\n\t\t\t<\/div><\/figure><figure class='gallery-item'>\n\t\t\t<div class='gallery-icon landscape'>\n\t\t\t\t<a href='https:\/\/www.corihuasi.com\/wp-PR\/nos\/dscf2063-mejorado-nr\/'><img loading=\"lazy\" decoding=\"async\" width=\"150\" height=\"150\" src=\"https:\/\/www.corihuasi.com\/wp-PR\/wp-content\/uploads\/2023\/06\/DSCF2063-Mejorado-NR-150x150.jpg\" class=\"attachment-thumbnail size-thumbnail\" alt=\"\" srcset=\"https:\/\/www.corihuasi.com\/wp-PR\/wp-content\/uploads\/2023\/06\/DSCF2063-Mejorado-NR-150x150.jpg 150w, https:\/\/www.corihuasi.com\/wp-PR\/wp-content\/uploads\/2023\/06\/DSCF2063-Mejorado-NR-100x100.jpg 100w\" sizes=\"auto, 100vw\" \/><\/a>\n\t\t\t<\/div><\/figure><figure class='gallery-item'>\n\t\t\t<div class='gallery-icon landscape'>\n\t\t\t\t<a href='https:\/\/www.corihuasi.com\/wp-PR\/nos\/dscf0013-hdr\/'><img loading=\"lazy\" decoding=\"async\" width=\"150\" height=\"150\" src=\"https:\/\/www.corihuasi.com\/wp-PR\/wp-content\/uploads\/2023\/06\/DSCF0013-HDR-150x150.jpg\" class=\"attachment-thumbnail size-thumbnail\" alt=\"\" srcset=\"https:\/\/www.corihuasi.com\/wp-PR\/wp-content\/uploads\/2023\/06\/DSCF0013-HDR-150x150.jpg 150w, https:\/\/www.corihuasi.com\/wp-PR\/wp-content\/uploads\/2023\/06\/DSCF0013-HDR-100x100.jpg 100w\" sizes=\"auto, 100vw\" \/><\/a>\n\t\t\t<\/div><\/figure><figure class='gallery-item'>\n\t\t\t<div class='gallery-icon landscape'>\n\t\t\t\t<a href='https:\/\/www.corihuasi.com\/wp-PR\/nos\/dscf9766\/'><img loading=\"lazy\" decoding=\"async\" width=\"150\" height=\"150\" src=\"https:\/\/www.corihuasi.com\/wp-PR\/wp-content\/uploads\/2023\/06\/DSCF9766-150x150.jpg\" class=\"attachment-thumbnail size-thumbnail\" alt=\"\" srcset=\"https:\/\/www.corihuasi.com\/wp-PR\/wp-content\/uploads\/2023\/06\/DSCF9766-150x150.jpg 150w, https:\/\/www.corihuasi.com\/wp-PR\/wp-content\/uploads\/2023\/06\/DSCF9766-100x100.jpg 100w\" sizes=\"auto, 100vw\" \/><\/a>\n\t\t\t<\/div><\/figure><figure class='gallery-item'>\n\t\t\t<div class='gallery-icon landscape'>\n\t\t\t\t<a href='https:\/\/www.corihuasi.com\/wp-PR\/nos\/dscf9839-2\/'><img loading=\"lazy\" decoding=\"async\" width=\"150\" height=\"150\" src=\"https:\/\/www.corihuasi.com\/wp-PR\/wp-content\/uploads\/2023\/06\/DSCF9839-1-150x150.jpg\" class=\"attachment-thumbnail size-thumbnail\" alt=\"\" srcset=\"https:\/\/www.corihuasi.com\/wp-PR\/wp-content\/uploads\/2023\/06\/DSCF9839-1-150x150.jpg 150w, https:\/\/www.corihuasi.com\/wp-PR\/wp-content\/uploads\/2023\/06\/DSCF9839-1-100x100.jpg 100w\" sizes=\"auto, 100vw\" \/><\/a>\n\t\t\t<\/div><\/figure><figure class='gallery-item'>\n\t\t\t<div class='gallery-icon landscape'>\n\t\t\t\t<a href='https:\/\/www.corihuasi.com\/wp-PR\/nos\/dscf0087-hdr\/'><img loading=\"lazy\" decoding=\"async\" width=\"150\" height=\"150\" src=\"https:\/\/www.corihuasi.com\/wp-PR\/wp-content\/uploads\/2023\/06\/DSCF0087-HDR-150x150.jpg\" class=\"attachment-thumbnail size-thumbnail\" alt=\"\" srcset=\"https:\/\/www.corihuasi.com\/wp-PR\/wp-content\/uploads\/2023\/06\/DSCF0087-HDR-150x150.jpg 150w, https:\/\/www.corihuasi.com\/wp-PR\/wp-content\/uploads\/2023\/06\/DSCF0087-HDR-100x100.jpg 100w\" sizes=\"auto, 100vw\" \/><\/a>\n\t\t\t<\/div><\/figure>\n\t\t<\/div>\n\n","protected":false},"excerpt":{"rendered":"<p>Fotograf\u00eda: Adriana Peralta, exceptuando a fotograf\u00eda de capa de Ricardo Bhering e da modelo na\u00a0varanda de Mario Testino O Hostal Corihuasi, \u00e9 una hermosa pousada\u00a0colonial (s\u00e9culo XVIII) originalmente construida sobre andenes Incas e paredes de pedra. A palavra Corihuasi de origem Quechua, significa \u00abCasa de Ouro\u00bb. A casa foi completamente restaurada respeitando e preservando o &hellip; <\/p>\n<p class=\"link-more\"><a href=\"https:\/\/www.corihuasi.com\/wp-PR\/nos\/\" class=\"more-link\">Continuar leyendo<span class=\"screen-reader-text\"> \u00abSobre N\u00f3s\u00bb<\/span><\/a><\/p>\n","protected":false},"author":1,"featured_media":490,"parent":0,"menu_order":0,"comment_status":"closed","ping_status":"closed","template":"","meta":{"footnotes":""},"class_list":["post-11","page","type-page","status-publish","has-post-thumbnail","hentry"],"_links":{"self":[{"href":"https:\/\/www.corihuasi.com\/wp-PR\/wp-json\/wp\/v2\/pages\/11","targetHints":{"allow":["GET"]}}],"collection":[{"href":"https:\/\/www.corihuasi.com\/wp-PR\/wp-json\/wp\/v2\/pages"}],"about":[{"href":"https:\/\/www.corihuasi.com\/wp-PR\/wp-json\/wp\/v2\/types\/page"}],"author":[{"embeddable":true,"href":"https:\/\/www.corihuasi.com\/wp-PR\/wp-json\/wp\/v2\/users\/1"}],"replies":[{"embeddable":true,"href":"https:\/\/www.corihuasi.com\/wp-PR\/wp-json\/wp\/v2\/comments?post=11"}],"version-history":[{"count":53,"href":"https:\/\/www.corihuasi.com\/wp-PR\/wp-json\/wp\/v2\/pages\/11\/revisions"}],"predecessor-version":[{"id":535,"href":"https:\/\/www.corihuasi.com\/wp-PR\/wp-json\/wp\/v2\/pages\/11\/revisions\/535"}],"wp:featuredmedia":[{"embeddable":true,"href":"https:\/\/www.corihuasi.com\/wp-PR\/wp-json\/wp\/v2\/media\/490"}],"wp:attachment":[{"href":"https:\/\/www.corihuasi.com\/wp-PR\/wp-json\/wp\/v2\/media?parent=11"}],"curies":[{"name":"wp","href":"https:\/\/api.w.org\/{rel}","templated":true}]}}